{"id":18,"date":"2018-03-14T08:58:11","date_gmt":"2018-03-14T07:58:11","guid":{"rendered":"http:\/\/svetokolonas.spojenaskola.info\/?page_id=18"},"modified":"2024-04-25T11:35:01","modified_gmt":"2024-04-25T09:35:01","slug":"kontakt","status":"publish","type":"page","link":"https:\/\/svetokolonas.spojenaskola.info\/?page_id=18","title":{"rendered":"Kontakt"},"content":{"rendered":"<p><b>Spojen\u00e1 \u0161kola Pavla Sabado\u0161a intern\u00e1tna Pre\u0161ov<\/b><br \/>Duklianska 2<br \/>080 01 Pre\u0161ov<\/p>\n<p><b>Elektronick\u00e9 kontakty:<\/b><br \/>Mgr. Jana Li\u0161kov\u00e1, 051\/7711360, liskovajanka42@gmail.com<br \/>Mgr. Gabriela Timkov\u00e1, 051\/32 26 911 , gabriela.timkova@russ-po.sk<\/p>\n\n\n<p><\/p>\n","protected":false},"excerpt":{"rendered":"<p>Spojen\u00e1 \u0161kola Pavla Sabado\u0161a intern\u00e1tna Pre\u0161ovDuklianska 2080 01 Pre\u0161ov Elektronick\u00e9 kontakty:Mgr. Jana Li\u0161kov\u00e1, 051\/7711360, liskovajanka42@gmail.comMgr. Gabriela Timkov\u00e1, 051\/32 26 911 , gabriela.timkova@russ-po.sk<\/p>\n","protected":false},"author":1,"featured_media":0,"parent":0,"menu_order":0,"comment_status":"closed","ping_status":"closed","template":"","meta":{"footnotes":""},"class_list":["post-18","page","type-page","status-publish","hentry"],"_links":{"self":[{"href":"https:\/\/svetokolonas.spojenaskola.info\/index.php?rest_route=\/wp\/v2\/pages\/18","targetHints":{"allow":["GET"]}}],"collection":[{"href":"https:\/\/svetokolonas.spojenaskola.info\/index.php?rest_route=\/wp\/v2\/pages"}],"about":[{"href":"https:\/\/svetokolonas.spojenaskola.info\/index.php?rest_route=\/wp\/v2\/types\/page"}],"author":[{"embeddable":true,"href":"https:\/\/svetokolonas.spojenaskola.info\/index.php?rest_route=\/wp\/v2\/users\/1"}],"replies":[{"embeddable":true,"href":"https:\/\/svetokolonas.spojenaskola.info\/index.php?rest_route=%2Fwp%2Fv2%2Fcomments&post=18"}],"version-history":[{"count":18,"href":"https:\/\/svetokolonas.spojenaskola.info\/index.php?rest_route=\/wp\/v2\/pages\/18\/revisions"}],"predecessor-version":[{"id":657,"href":"https:\/\/svetokolonas.spojenaskola.info\/index.php?rest_route=\/wp\/v2\/pages\/18\/revisions\/657"}],"wp:attachment":[{"href":"https:\/\/svetokolonas.spojenaskola.info\/index.php?rest_route=%2Fwp%2Fv2%2Fmedia&parent=18"}],"curies":[{"name":"wp","href":"https:\/\/api.w.org\/{rel}","templated":true}]}}