{"id":429,"date":"2018-05-15T12:17:25","date_gmt":"2018-05-15T10:17:25","guid":{"rendered":"http:\/\/svetokolonas.spojenaskola.info\/?page_id=429"},"modified":"2018-05-21T19:57:33","modified_gmt":"2018-05-21T17:57:33","slug":"21-rocnik","status":"publish","type":"page","link":"https:\/\/svetokolonas.spojenaskola.info\/?page_id=429","title":{"rendered":"21. ro\u010dn\u00edk"},"content":{"rendered":"<header class=\"entry-header\">\n<h1>\u00a0Mil\u00e9 kolegyne, kolegovia<\/h1>\n<\/header>\n<div class=\"entry-content\">\n<p><strong>\u010fakujeme v\u0161etk\u00fdm u\u010dite\u013ek\u00e1m matersk\u00fdch \u0161k\u00f4l, ktor\u00e9 sa do s\u00fa\u0165a\u017ee zapojili.<\/strong><\/p>\n<p class=\"odsad\">\u00a0\u00a0\u00a0\u00a0\u00a0\u00a0\u00a0\u00a0\u00a0Do XXI. ro\u010dn\u00edka bolo zaslan\u00fdch\u00a0<strong>2040 pr\u00e1c<\/strong>, z\u00a0toho\u00a0<strong>2 CD-e\u010dka<\/strong>, po\u010det zapojen\u00fdch M\u0160\u00a0<strong>284<\/strong>, SM\u0160\u00a0<strong>11<\/strong>.<\/p>\n<p>Vystaven\u00e9 bud\u00fa aj pr\u00e1ce, ktor\u00e9 neboli ocenen\u00e9.<\/p>\n<p>V\u00fdstava bude spr\u00edstupnen\u00e1 v\u00a0d\u0148och 17.5.2018 \u2013 31.5.2018 v\u00a0priestoroch\u00a0<strong>Okresn\u00e9ho \u00faradu Pre\u0161ov, N\u00e1mestie mieru 3.<\/strong><\/p>\n<h6><a href=\"http:\/\/svetokolonas.spojenaskola.info\/wp-content\/uploads\/2018\/05\/XXI.-Ocenene_prace-2018.pdf\">Zoznam vybran\u00fdch v\u00fdtvarn\u00fdch pr\u00e1c<\/a><\/h6>\n<ol>\n<li><strong>Adela Bitt\u0161ansk\u00e1<\/strong>,3 r., M\u0160 Surovovova 2797\/20, 01001 \u017dilina, \u201eU n\u00e1s doma\u201c, Pedag\u00f3g: Anna Kapusniakov\u00e1<\/li>\n<li><strong>Bianka Adamov\u00e1<\/strong>, 3 r., M\u0160 Kov\u00e1\u010dova 10, Star\u00fd Tekov, \u201eMoja rodina\u201c, Adriana Na\u010fov\u00e1<\/li>\n<li><strong>Hanna Lilia<\/strong>\u00a04,5r, M\u0160 pri zdravotn\u00edckom zariaden\u00ed, Hradn\u00e1 7, Kom\u00e1rno 94501, \u201eV z\u00e1hrade s\u00a0bal\u00f3nom\u201c, Ildiko Ganzerova<\/li>\n<li><strong>Tamara Byt\u010dankov\u00e1<\/strong>, 4,5r, M\u0160 Fra\u0148a Kr\u00e1\u013ea 1707 \u010cadca 02201, \u201ePriniesol ma Sebko\u201c, Anna Mat\u00e1kov\u00e1<\/li>\n<li><strong>Laura \u010cervencov\u00e1<\/strong>\u00a04r., M\u0160 Fojstvo 1253, 02351 Rakov\u00e1, \u201eVeveri\u010dka\u201c, Katar\u00edna Martinikov\u00e1<\/li>\n<li><strong>Lenka Str\u00fd\u010dkov\u00e1<\/strong>\u00a05r., M\u0160 Fojstvo 1253, 02351 Rakov\u00e1, \u201eRybi\u010dky\u201c, Katar\u00edna Martinikov\u00e1<\/li>\n<li><strong>Gr\u00e9ta Kurucov\u00e1<\/strong>\u00a05r., M\u0160 St\u00e1licov\u00e1\u00a0 alokovan\u00e9 triedy Habursk\u00e1 6, Bratislava 82101, \u201eRozpr\u00e1vka o\u00a0\u010cervenej \u010ciapo\u010dke\u201c, Mgr. O\u013ega Zuz\u00e1kov\u00e1<\/li>\n<li><strong>Martin Pirchala<\/strong>\u00a05r., M\u0160N\u00e1m. Janka Borod\u00e1\u010da 6, 01008 \u017dilina, \u201eSliepo\u010dka a\u00a0koh\u00fatik v\u00a0hor\u00e1ch\u201c, Mgr. Marta Pobemov\u00e1<\/li>\n<li><strong>Tamara Ku\u010dm\u00ednov\u00e1<\/strong>\u00a05r., Z\u0160 s\u00a0M\u0160 Centrum I\u00a032, 01841 Dubnica nad V\u00e1hom, \u201eKvietky ma\u010dky Murky\u201c, So\u0148a Dianov\u00e1<\/li>\n<li><strong>Eli\u0161ka Bukovinsk\u00e1<\/strong>\u00a05r., M\u0160 N\u00e1m.Janka Borod\u00e1\u010da 6, 01008 \u017dilina, \u201eMoja ma\u010dka\u201c, Mgr. Drahom\u00edra Filipov\u00e1<\/li>\n<li><strong>Viktor Hamar\u010d\u00e1k<\/strong>\u00a05r., M\u0160 ul.\u013dudov\u00edta \u0160t\u00fara 318\/23, 089 01 Svidn\u00edk, \u201ePr\u00e1ca v\u00a0z\u00e1hrade\u201c, Alena Bos\u00e1kov\u00e1<\/li>\n<li><strong>Emma Lenkov\u00e1<\/strong>\u00a05r., M\u0160 Karola Kuzm\u00e1nyho 41, 06001 Ke\u017emarok, \u201eSven v\u00a0zimnom kr\u00e1\u013eovstve\u201c, Eva Nadanyiov\u00e1<\/li>\n<li><strong>Ema Gogov\u00e1<\/strong>\u00a05r., Z\u0160 a\u00a0M\u0160 Centrum I\u00a032, 018 41 Dubnica nad V\u00e1hom, \u201eNa v\u00fdlete s\u00a0maminou\u201c, So\u0148a Dianov\u00e1<\/li>\n<li><strong>Ciara Mgbeonyere<\/strong>\u00a05r., M\u0160 Bul\u00edkova 25, 851 04 Bratislava 55, \u201e\u017dirafa\u201c, Marcela Neme\u010dkov\u00e1<\/li>\n<li><strong>Emily \u017dipajov\u00e1<\/strong>\u00a05r., SM\u0160 Elba Smetanova 2, 08005 Pre\u0161ov, \u201eS na\u0161ou ma\u010dkou Vebikou\u201c , Alica Petranikov\u00e1<\/li>\n<li><strong>Alexandra Briov\u00e1<\/strong>\u00a05r., M\u0160 Karola Kuzm\u00e1nyho 42, 060 01 Ke\u017emarok, \u201e Laura lesn\u00e1 v\u00edla\u201c, Eva Nad\u00e1nyiov\u00e1<\/li>\n<li><strong>Zoe Madoov\u00e1<\/strong>\u00a05r., M\u0160 Ul.mieru 16, 945 01 Kom\u00e1rno, \u201eSnehulienka a\u00a07 trpasl\u00edkov\u201c, Timea Rumiov\u00e1<\/li>\n<li><strong>\u0160imon Chovanec<\/strong>\u00a0, M\u0160 \u0160t\u00farova 15, 953 01 Zlat\u00e9 Moravce, \u201eMaximko\u201c, Ivana Homolov\u00e1<\/li>\n<li><strong>Sa\u0161ka Baranyaiov\u00e1<\/strong>\u00a05r., M\u0160 P.J.\u0160af\u00e1rika 394\/2, 927 01 \u0160a\u013ea, \u201eSlnko svieti\u201c, Marta Pol\u00e1kov\u00e1<\/li>\n<li><strong>Sophia Mia Dankov\u00e1<\/strong>\u00a06r., \u017d\u0160 s M\u0160 Centrum I\u00a032, 081 41 Dubnica nad V\u00e1hom, \u201eMy\u0161ky ps\u00edka Roxyho\u201c, So\u0148a Dianov\u00e1<\/li>\n<li><strong>Nikola Urban\u00edkov\u00e1<\/strong>\u00a06r., Z\u0160 s\u00a0M\u0160 Centrum I\u00a032, 081 41 Dubnica nad V\u00e1hom, \u201eJednoro\u017eec na v\u00fdlete\u201c, So\u0148a Dianov\u00e1<\/li>\n<li><strong>Daniela Pl\u00e1\u0161ekov\u00e1<\/strong>\u00a06r., M\u0160 mar\u0161 Malinovsk\u00e9ho 1985\/41, 960 01 Zvolen, \u201eLastovi\u010dia rodinka\u201c, Jana Ivanov\u00e1<\/li>\n<li><strong>Mia Sabov\u00e1<\/strong>\u00a06r., M\u0160 St\u00e1licova, alokovan\u00e9 triedy Habursk\u00e1 6, 821 01 Bratislava, \u201eKoho \u013e\u00fabim? Mami\u010dku a\u00a0tatina\u201c, Beata Pevn\u00e1<\/li>\n<li><strong>D\u00e1vidko Turan<\/strong>\u00a05r., M\u0160 \u0160tiavnick\u00e1 1, 949 01 Nitra, \u201eVesm\u00edrny hrdina\u201c , Mgr. Lenka Koz\u00e1rov\u00e1<\/li>\n<li><strong>Nat\u00e1lia Ben\u010d\u00edkov\u00e1<\/strong>, 5 r., M\u0160, Bul\u00edkova 25, 85104 Bratislava 55, \u201eJarn\u00fd anjel na l\u00fake\u201c, Marcela Neme\u010dkov\u00e1<\/li>\n<li><strong>Laura Dube\u0148ov\u00e1<\/strong>\u00a06r., M\u0160, Novomestsk\u00e9ho 19, 949 11 Nitra, \u201eKamar\u00e1tky\u201c, P\u013ega Sekerov\u00e1<\/li>\n<li><strong>Stella Pal\u010diskov\u00e1<\/strong>\u00a06r., SMS Elba, Smetanov\u00e1 2, Pre\u0161ov 08005, \u201eV\u00fdlet s\u00a0Lili na bicykli\u201c, Alica Petren\u00edkov\u00e1<\/li>\n<li><strong>S\u00e1ra Kn\u00e9zel<\/strong>\u00a06r., M\u0160 Ul. 8.m\u00e1ja 089 01 Svidn\u00edk, \u201eHopsa-rasa, ak\u00e1 kr\u00e1sa\u2026\u201c, Bc.Katar\u00edna Labunov\u00e1<\/li>\n<li><strong>Al\u017ebeta Kravcov\u00e1<\/strong>\u00a06r., M\u0160 Ul.1.m\u00e1ja 4, 969 01 Bansk\u00e1 \u0160tiavnica, \u201eL\u00faka\u201c, Miroslava Inglotov\u00e1<\/li>\n<li><strong>Melany My\u0161ko<\/strong>\u00a06r., Z\u0160 s\u00a0M\u0160 Centrum I\u00a032, 081 41 Dubnica nad V\u00e1hom, \u201eMa\u010dka na kolieskov\u00fdch kor\u010duliach\u201c, So\u0148a Dianov\u00e1<\/li>\n<li><strong>Tobias Rod\u00e1k<\/strong>\u00a06r., SZ\u0160 Elba, Smetanova 2, 08005 Pre\u0161ov, \u201eAko som Stellku vy\u0161ibal\u201c, Alica Petran\u00edkov\u00e1<\/li>\n<li><strong>Mel\u00e1nia \u0160imkov\u00e1<\/strong>\u00a06r., M\u0160 ul. J.Kr\u00e1\u013ea 1594\/1, 955 01 Topol\u010dany, \u201eMa\u010dka v\u00a0kuchyni\u201c, M.Duchov\u00e1<\/li>\n<li><strong>Leonard Gubi\u0161<\/strong>\u00a06r., M\u0160 Hviezdoslavova 215, 90879 Borsk\u00fd Sv\u00e4t\u00fd Jur, \u201eMoja kniha-Krtko\u201c, Zuzana Rova\u0161ov\u00e1<\/li>\n<li><strong>Nela Kubjatkov\u00e1<\/strong>\u00a06r., M\u0160 Fojstvo 1253 023 51 Rakov\u00e1, \u201e\u0160iba\u010dka\u201c, Mgr. Alena \u0160ulov\u00e1<\/li>\n<li><strong>Michaela Ve\u010derkov\u00e1<\/strong>\u00a06r., M\u0160 Pu\u0161kinova 2165\/3 010 01 \u017dilina, \u201eMot\u00fdlia svadba\u201c, Mgr. Jana Rolkov\u00e1<\/li>\n<li><strong>Ema Chupa\u010dov\u00e1<\/strong>\u00a06r., M\u0160 Fojstvo 1253 023 51 Rakov\u00e1, \u201e Bocian\u201c, Mgr. Alena \u0160ulov\u00e1<\/li>\n<li><strong>Lucia Froncov\u00e1<\/strong>\u00a06r., M\u0160 St\u00e1licova, alokovan\u00e9 triedy Habursk\u00e1 6, 821 01 Bratislava, \u201eRoztopa\u0161n\u00e1 jar\u201c, Beata Pevn\u00e1<\/li>\n<li><strong>Simona Lieskovanov\u00e1<\/strong>\u00a06r., Fojstvo 1253 023 51 Rakov\u00e1, \u201eS ma\u010di\u010dkou na prech\u00e1dzke\u201c, Mgr. Alena Paluchov\u00e1<\/li>\n<li><strong>Elka \u010cechov\u00e1<\/strong>\u00a06r., M\u0160 Bernol\u00e1kova 19 08001 Pre\u0161ov, \u201e Jar s\u00a0kuriatkami\u201c, Tatiana Zatsepinov\u00e1<\/li>\n<li><strong>Ema Vikt\u00f3ria Pal\u010dov\u00e1<\/strong>\u00a06r., M\u0160 N\u00e1m.sv.Martina 80, Lipany, \u201eNa z\u00e1mku princezn\u00e1\u201c, Al\u017ebeta Sedl\u00e1kov\u00e1<\/li>\n<li><strong>Vivien Meze\u0161ov\u00e1<\/strong>\u00a05r., M\u0160 Karola Kuzm\u00e1nyho 41 06001 Ke\u017emarok, \u201eSpev\u00e1\u010dka Amy\u201c, Eva Nadanyiov\u00e1<\/li>\n<li><strong>Tom\u00e1\u0161 Zele\u0148\u00e1k<\/strong>\u00a06r., M\u0160 Novomesk\u00e9ho 19, 949 11 Nitra, \u201eHasi\u010di\u201c, O\u013ega Seker\u00e1kov\u00e1<\/li>\n<li><strong>Pia M\u00e1ria Lakato\u0161ov\u00e1<\/strong>\u00a06r., M\u0160 \u017dda\u0148a, L\u00fa\u010dna 243\/2 04411 \u017dda\u0148a, \u201eJednoro\u017eec a\u00a0d\u00faha\u201c, Mgr. Be\u00e1ta Bak\u0161iov\u00e1<\/li>\n<li><strong>Rastislav Kantor<\/strong>\u00a06r., M\u0160 Duchnovi\u010dova 480\/29, Medzilaborce, \u201eMesto v\u00a0noci\u201c, Mgr.Alexandra Siv\u00e1kov\u00e1<\/li>\n<li><strong>Rebeka Boldiov\u00e1<\/strong>\u00a04r., M\u0160 Slavo\u0161ovce 526, 049 36, \u201ePri\u0161la jar\u201c, Gabriela Mra\u017e\u00edkov\u00e1<\/li>\n<li><strong>Skupinov\u00e1 pr\u00e1ca \/Ag\u00e1ta Koll\u00e1rov\u00e1, Al\u017ebeta Feketeov\u00e1, M\u00e1ria \u0160pikov\u00e1<\/strong>\u00a05-6r.\/, S\u0160PS intern\u00e1tna Pre\u0161ov, Duklianska 2, \u201eTri prasiatka \u2013 spolo\u010dn\u00e1 pr\u00e1ca \u2013 kniha\u201c, M\u00e1ria Strakov\u00e1<\/li>\n<li><strong>Skupinov\u00e1 pr\u00e1ca 6r., Z\u0160 s\u00a0M\u0160 Gork\u00e9ho<\/strong>, 036 01 Martin, \u201eSmel\u00fd zajko\u201c, Karol\u00edna Vr\u00ed\u010danov\u00e1<\/li>\n<li><strong>Spolo\u010dn\u00e1 pr\u00e1ca M\u0160 D 5-6r., S\u0160PS intern\u00e1tna Pre\u0161ov, Duklianska 2<\/strong>, \u201eN\u00e1morn\u00edci sa plavia svetom\u201c, Mgr, Jana Kundr\u00e1tov\u00e1, Ivana Bebkov\u00e1<\/li>\n<li><strong>Spolo\u010dn\u00e1 pr\u00e1ca M\u0160 A\u00a03,4 a\u00a05r., S\u0160PS intern\u00e1tna Pre\u0161ov, Duklianska 2<\/strong>, \u201eCesta \u017eivotom\u201c, Mgr.M.Mikitov\u00e1, Mgr.L.Mikitov\u00e1<\/li>\n<li><strong>Skupinov\u00e1 pr\u00e1ca 4r., M\u0160 Oslobodite\u013eov, 066 01 Humenn\u00e9,<\/strong>\u00a0\u201eTu rastiem, tu b\u00fdvam \u2013 moje mesto\u201c, Mgr. Marianna Lipinsk\u00e1<\/li>\n<\/ol>\n<figure class=\"embed-gphotos  wp-caption\"><a href=\"https:\/\/photos.google.com\/share\/AF1QipMA00OIy1fNxfAtbGppec0KoJZ9KhZknvT0L6XOlAMZlabLpce4Tjri12bx5KoT4w?key=NWstQ3JBQnZUa21vMExScFJzdFZjeEFTbnJSM0pn\" target=\"_blank\"><img loading=\"lazy\" decoding=\"async\"    src=\"https:\/\/lh3.googleusercontent.com\/LCJm1ZUjw9vT-SYEXQIsvgjMHKGI7b3odhIUpCDm0qqZnmbDUR-bHzL0hDRrFtSNEUv6DafDtqxlxp5C8rQ_uca8UQ_pqXuqryAMeFQHONPNFXOI-zxuFc3dvaocqCeejn4uv8HFqiQ=w840-h1000\" width=\"840\" height=\"442\"   ><\/a><figcaption class=\"wp-caption-text\"><a href=\"https:\/\/photos.google.com\/share\/AF1QipMA00OIy1fNxfAtbGppec0KoJZ9KhZknvT0L6XOlAMZlabLpce4Tjri12bx5KoT4w?key=NWstQ3JBQnZUa21vMExScFJzdFZjeEFTbnJSM0pn\" target=\"_blank\">Ocenen\u00e9 pr\u00e1ce 21.ro\u010dn\u00edk Svet okolo n\u00e1s 2018 \/ Google Photos<\/a><\/figcaption><\/figure>\n<p><iframe loading=\"lazy\" width=\"840\" height=\"473\" src=\"https:\/\/www.youtube.com\/embed\/MTxbLFftbuQ?feature=oembed\" frameborder=\"0\" allow=\"autoplay; encrypted-media\" allowfullscreen><\/iframe><\/p>\n<p><iframe loading=\"lazy\" width=\"840\" height=\"473\" src=\"https:\/\/www.youtube.com\/embed\/SN7QAbObDhQ?feature=oembed\" frameborder=\"0\" allow=\"autoplay; encrypted-media\" allowfullscreen><\/iframe><\/p>\n<figure class=\"embed-gphotos  wp-caption\"><a href=\"https:\/\/photos.google.com\/share\/AF1QipOVd_bHzba2qcTbT9fTjNF4BV9j7gOGu6Tx4X_dEo5AnVgZHLent_dZoctdYaFzPA?key=YzFoT003NG5INWR1SXBGQ1V3ZUJXUHhqN0dfS2FR\" target=\"_blank\"><img loading=\"lazy\" decoding=\"async\"    src=\"https:\/\/lh3.googleusercontent.com\/5Q9-JVNA9XRhLJ8afbL0AsEepjwQLTPxc7pntUkPS22T7gqz6hnh83861WwxgeP-tQ8ZgwiL-1OJHZEb4XHAYuRvjfLIm1-Ci1V4BMaa-QIJnt89GixqxMapY8x_x13oHzIW3GuQ6TM=w840-h1000\" width=\"840\" height=\"408\"   ><\/a><figcaption class=\"wp-caption-text\"><a href=\"https:\/\/photos.google.com\/share\/AF1QipOVd_bHzba2qcTbT9fTjNF4BV9j7gOGu6Tx4X_dEo5AnVgZHLent_dZoctdYaFzPA?key=YzFoT003NG5INWR1SXBGQ1V3ZUJXUHhqN0dfS2FR\" target=\"_blank\">21.RO\u010cN\u00cdK  &#8211; SVET OKOLO N\u00c1S 2018 \/ Google Photos<\/a><\/figcaption><\/figure>\n<\/div>\n","protected":false},"excerpt":{"rendered":"<p>\u00a0Mil\u00e9 kolegyne, kolegovia \u010fakujeme v\u0161etk\u00fdm u\u010dite\u013ek\u00e1m matersk\u00fdch \u0161k\u00f4l, ktor\u00e9 sa do s\u00fa\u0165a\u017ee zapojili. \u00a0\u00a0\u00a0\u00a0\u00a0\u00a0\u00a0\u00a0\u00a0Do XXI. ro\u010dn\u00edka bolo zaslan\u00fdch\u00a02040 pr\u00e1c, z\u00a0toho\u00a02 CD-e\u010dka, po\u010det zapojen\u00fdch M\u0160\u00a0284, SM\u0160\u00a011. Vystaven\u00e9 bud\u00fa aj pr\u00e1ce, ktor\u00e9 neboli ocenen\u00e9. V\u00fdstava bude spr\u00edstupnen\u00e1 v\u00a0d\u0148och 17.5.2018 \u2013 31.5.2018 v\u00a0priestoroch\u00a0Okresn\u00e9ho \u00faradu Pre\u0161ov, N\u00e1mestie mieru 3. Zoznam vybran\u00fdch v\u00fdtvarn\u00fdch pr\u00e1c Adela Bitt\u0161ansk\u00e1,3 r., M\u0160 Surovovova 2797\/20, &hellip; <a href=\"https:\/\/svetokolonas.spojenaskola.info\/?page_id=429\" class=\"more-link\">Pokra\u010dova\u0165 v \u010d\u00edtan\u00ed<span class=\"screen-reader-text\"> &#8220;21. ro\u010dn\u00edk&#8221;<\/span><\/a><\/p>\n","protected":false},"author":1,"featured_media":0,"parent":0,"menu_order":0,"comment_status":"closed","ping_status":"closed","template":"","meta":{"footnotes":""},"class_list":["post-429","page","type-page","status-publish","hentry"],"_links":{"self":[{"href":"https:\/\/svetokolonas.spojenaskola.info\/index.php?rest_route=\/wp\/v2\/pages\/429","targetHints":{"allow":["GET"]}}],"collection":[{"href":"https:\/\/svetokolonas.spojenaskola.info\/index.php?rest_route=\/wp\/v2\/pages"}],"about":[{"href":"https:\/\/svetokolonas.spojenaskola.info\/index.php?rest_route=\/wp\/v2\/types\/page"}],"author":[{"embeddable":true,"href":"https:\/\/svetokolonas.spojenaskola.info\/index.php?rest_route=\/wp\/v2\/users\/1"}],"replies":[{"embeddable":true,"href":"https:\/\/svetokolonas.spojenaskola.info\/index.php?rest_route=%2Fwp%2Fv2%2Fcomments&post=429"}],"version-history":[{"count":8,"href":"https:\/\/svetokolonas.spojenaskola.info\/index.php?rest_route=\/wp\/v2\/pages\/429\/revisions"}],"predecessor-version":[{"id":466,"href":"https:\/\/svetokolonas.spojenaskola.info\/index.php?rest_route=\/wp\/v2\/pages\/429\/revisions\/466"}],"wp:attachment":[{"href":"https:\/\/svetokolonas.spojenaskola.info\/index.php?rest_route=%2Fwp%2Fv2%2Fmedia&parent=429"}],"curies":[{"name":"wp","href":"https:\/\/api.w.org\/{rel}","templated":true}]}}